{"id":276868,"date":"2023-08-02T10:47:49","date_gmt":"2023-08-02T10:47:49","guid":{"rendered":"https:\/\/poolconcept.es\/politica-di-restituzione-e-rimborso\/"},"modified":"2024-05-21T19:00:26","modified_gmt":"2024-05-21T19:00:26","slug":"politica-di-restituzione-e-rimborso","status":"publish","type":"page","link":"https:\/\/poolconcept.es\/it\/politica-di-restituzione-e-rimborso\/","title":{"rendered":"Politica di restituzione e rimborso"},"content":{"rendered":"\n<p><b>Questa \u00e8 una pagina di esempio.<\/b><\/p>\n\n<p><\/p><h3>Overview<\/h3>\n\n<p>La nostra politica di rimborso e restituzione dura 30 giorni. Se sono trascorsi 30 giorni dall&#8217;acquisto, non possiamo offrirti un rimborso completo o un cambio.<\/p>\n\n<p>Per poter beneficiare di un reso, il tuo articolo deve essere inutilizzato e nelle stesse condizioni in cui lo hai ricevuto. Deve inoltre essere nella confezione originale.<\/p>\n\n<p>Diversi tipi di merce sono esenti dalla restituzione. Le merci deperibili come cibo, fiori, giornali o riviste non possono essere restituite. Inoltre, non accettiamo prodotti intimi o sanitari, materiali pericolosi o liquidi o gas infiammabili.<\/p>\n\n<p>Ulteriori articoli non restituibili:<\/p>\n\n<ul class=\"wp-block-list\">\n<li>Carte regalo<\/li>\n\n\n\n<li>Prodotti software scaricabili<\/li>\n\n\n\n<li>Alcuni articoli per la salute e la cura della persona<\/li>\n<\/ul>\n\n<p>Per completare il reso, abbiamo bisogno di una ricevuta o di una prova d&#8217;acquisto.<\/p>\n\n<p>Si prega di non rispedire l&#8217;acquisto al produttore.<\/p>\n\n<p>Ci sono alcune situazioni in cui vengono concessi solo rimborsi parziali:<\/p>\n\n<ul class=\"wp-block-list\">\n<li>Libro con evidenti segni d&#8217;uso<\/li>\n\n\n\n<li>CD, DVD, nastro VHS, software, videogiochi, cassette o dischi in vinile che sono stati aperti.<\/li>\n\n\n\n<li>Qualsiasi articolo non nelle sue condizioni originali, \u00e8 danneggiato o manca di parti per motivi non dovuti a un nostro errore.<\/li>\n\n\n\n<li>Qualsiasi articolo restituito pi\u00f9 di 30 giorni dopo la consegna<\/li>\n<\/ul>\n\n<p><\/p><h2>Refunds<\/h2>\n\n<p>Una volta ricevuto e ispezionato il tuo reso, ti invieremo un&#8217;e-mail per informarti che abbiamo ricevuto l&#8217;articolo restituito. Ti informeremo anche dell&#8217;approvazione o del rifiuto del tuo rimborso.<\/p>\n\n<p>In caso di approvazione, il rimborso verr\u00e0 elaborato e un credito verr\u00e0 automaticamente applicato alla carta di credito o al metodo di pagamento originale, entro un certo numero di giorni.<\/p>\n\n<p><b>Rimborsi in ritardo o mancanti<\/b><\/p>\n\n<p>Se non hai ancora ricevuto un rimborso, controlla di nuovo il tuo conto bancario.<\/p>\n\n<p>Quindi contatta la societ\u00e0 della tua carta di credito, potrebbe volerci del tempo prima che il rimborso venga ufficialmente pubblicato.<\/p>\n\n<p>Successivamente, contatta la tua banca. Spesso c&#8217;\u00e8 un po&#8217; di tempo di elaborazione prima che un rimborso venga registrato.<\/p>\n\n<p>Se hai fatto tutto questo e non hai ancora ricevuto il rimborso, contattaci all&#8217;indirizzo {email address}.<\/p>\n\n<p><b>Articoli in saldo<\/b><\/p>\n\n<p>Solo gli articoli a prezzo normale possono essere rimborsati. Gli articoli in saldo non possono essere rimborsati.<\/p>\n\n<p><\/p><h2>Exchanges<\/h2>\n\n<p>Sostituiamo gli articoli solo se sono difettosi o danneggiati. Se hai bisogno di cambiarlo con lo stesso articolo, inviaci un&#8217;e-mail all&#8217;indirizzo {email address} e invia il tuo articolo a: {physical address}.<\/p>\n\n<p><\/p><h2>Gifts<\/h2>\n\n<p>Se l&#8217;articolo \u00e8 stato contrassegnato come regalo al momento dell&#8217;acquisto e spedito direttamente a te, riceverai un credito regalo per il valore del tuo reso. Una volta ricevuto l&#8217;articolo restituito, ti verr\u00e0 inviato un buono regalo.<\/p>\n\n<p>Se l&#8217;articolo non \u00e8 stato contrassegnato come regalo al momento dell&#8217;acquisto, o se il donatore si \u00e8 fatto spedire l&#8217;ordine per consegnarlo a te in un secondo momento, invieremo un rimborso al donatore e scoprir\u00e0 il tuo reso.<\/p>\n\n<p><\/p><h2>Shipping returns<\/h2>\n\n<p>Per restituire il prodotto, \u00e8 necessario spedire il prodotto a: {indirizzo fisico}.<\/p>\n\n<p>Sarai responsabile del pagamento delle tue spese di spedizione per la restituzione del tuo articolo. Le spese di spedizione non sono rimborsabili. Se ricevi un rimborso, il costo della spedizione di ritorno verr\u00e0 detratto dal tuo rimborso.<\/p>\n\n<p>A seconda di dove vivi, il tempo necessario affinch\u00e9 il prodotto sostituito ti raggiunga pu\u00f2 variare.<\/p>\n\n<p>Se stai restituendo articoli pi\u00f9 costosi, potresti prendere in considerazione l&#8217;utilizzo di un servizio di spedizione tracciabile o l&#8217;acquisto di un&#8217;assicurazione sulla spedizione. Non garantiamo che riceveremo l&#8217;articolo restituito.<\/p>\n\n<p><\/p><h2>Need help?<\/h2>\n\n<p>Contattaci all&#8217;indirizzo {email} per domande relative a rimborsi e resi.<\/p>\n","protected":false},"excerpt":{"rendered":"<p>Questa \u00e8 una pagina di esempio. Overview La nostra politica di rimborso e restituzione dura 30 giorni. Se sono trascorsi 30 giorni dall&#8217;acquisto, non possiamo offrirti un rimborso completo o un cambio. Per poter beneficiare di un reso, il tuo articolo deve essere inutilizzato e nelle stesse condizioni in cui lo hai ricevuto. Deve inoltre [&hellip;]<\/p>\n","protected":false},"author":54,"featured_media":0,"parent":0,"menu_order":0,"comment_status":"closed","ping_status":"closed","template":"","meta":{"footnotes":""},"class_list":["post-276868","page","type-page","status-publish","hentry"],"yoast_head":"<!-- This site is optimized with the Yoast SEO plugin v26.0 - https:\/\/yoast.com\/wordpress\/plugins\/seo\/ -->\n<title>Politica di restituzione - Poolconcept<\/title>\n<meta name=\"description\" content=\"Politica di restituzione per i nostri piani post-vendita. Scopri cosa fare dopo aver acquistato un piano Poolconcept\" \/>\n<meta name=\"robots\" content=\"noindex, follow\" \/>\n<meta property=\"og:locale\" content=\"it_IT\" \/>\n<meta property=\"og:type\" content=\"article\" \/>\n<meta property=\"og:title\" content=\"Politica di restituzione - Poolconcept\" \/>\n<meta property=\"og:description\" content=\"Politica di restituzione per i nostri piani post-vendita. Scopri cosa fare dopo aver acquistato un piano Poolconcept\" \/>\n<meta property=\"og:url\" content=\"https:\/\/poolconcept.es\/it\/politica-di-restituzione-e-rimborso\/\" \/>\n<meta property=\"og:site_name\" content=\"Poolconcept - Cubiertas transitables para Piscinas\" \/>\n<meta property=\"article:modified_time\" content=\"2024-05-21T19:00:26+00:00\" \/>\n<meta name=\"twitter:card\" content=\"summary_large_image\" \/>\n<meta name=\"twitter:label1\" content=\"Tempo di lettura stimato\" \/>\n\t<meta name=\"twitter:data1\" content=\"3 minuti\" \/>\n<script type=\"application\/ld+json\" class=\"yoast-schema-graph\">{\"@context\":\"https:\/\/schema.org\",\"@graph\":[{\"@type\":\"WebPage\",\"@id\":\"https:\/\/poolconcept.es\/it\/politica-di-restituzione-e-rimborso\/\",\"url\":\"https:\/\/poolconcept.es\/it\/politica-di-restituzione-e-rimborso\/\",\"name\":\"Politica di restituzione - Poolconcept\",\"isPartOf\":{\"@id\":\"https:\/\/poolconcept.es\/it\/#website\"},\"datePublished\":\"2023-08-02T10:47:49+00:00\",\"dateModified\":\"2024-05-21T19:00:26+00:00\",\"description\":\"Politica di restituzione per i nostri piani post-vendita. Scopri cosa fare dopo aver acquistato un piano Poolconcept\",\"breadcrumb\":{\"@id\":\"https:\/\/poolconcept.es\/it\/politica-di-restituzione-e-rimborso\/#breadcrumb\"},\"inLanguage\":\"it-IT\",\"potentialAction\":[{\"@type\":\"ReadAction\",\"target\":[\"https:\/\/poolconcept.es\/it\/politica-di-restituzione-e-rimborso\/\"]}]},{\"@type\":\"BreadcrumbList\",\"@id\":\"https:\/\/poolconcept.es\/it\/politica-di-restituzione-e-rimborso\/#breadcrumb\",\"itemListElement\":[{\"@type\":\"ListItem\",\"position\":1,\"name\":\"Portada\",\"item\":\"https:\/\/poolconcept.es\/it\/\"},{\"@type\":\"ListItem\",\"position\":2,\"name\":\"Politica di restituzione e rimborso\"}]},{\"@type\":\"WebSite\",\"@id\":\"https:\/\/poolconcept.es\/it\/#website\",\"url\":\"https:\/\/poolconcept.es\/it\/\",\"name\":\"Poolconcept - Cubiertas transitables para Piscinas\",\"description\":\"\",\"potentialAction\":[{\"@type\":\"SearchAction\",\"target\":{\"@type\":\"EntryPoint\",\"urlTemplate\":\"https:\/\/poolconcept.es\/it\/?s={search_term_string}\"},\"query-input\":{\"@type\":\"PropertyValueSpecification\",\"valueRequired\":true,\"valueName\":\"search_term_string\"}}],\"inLanguage\":\"it-IT\"}]}<\/script>\n<!-- \/ Yoast SEO plugin. -->","yoast_head_json":{"title":"Politica di restituzione - Poolconcept","description":"Politica di restituzione per i nostri piani post-vendita. Scopri cosa fare dopo aver acquistato un piano Poolconcept","robots":{"index":"noindex","follow":"follow"},"og_locale":"it_IT","og_type":"article","og_title":"Politica di restituzione - Poolconcept","og_description":"Politica di restituzione per i nostri piani post-vendita. Scopri cosa fare dopo aver acquistato un piano Poolconcept","og_url":"https:\/\/poolconcept.es\/it\/politica-di-restituzione-e-rimborso\/","og_site_name":"Poolconcept - Cubiertas transitables para Piscinas","article_modified_time":"2024-05-21T19:00:26+00:00","twitter_card":"summary_large_image","twitter_misc":{"Tempo di lettura stimato":"3 minuti"},"schema":{"@context":"https:\/\/schema.org","@graph":[{"@type":"WebPage","@id":"https:\/\/poolconcept.es\/it\/politica-di-restituzione-e-rimborso\/","url":"https:\/\/poolconcept.es\/it\/politica-di-restituzione-e-rimborso\/","name":"Politica di restituzione - Poolconcept","isPartOf":{"@id":"https:\/\/poolconcept.es\/it\/#website"},"datePublished":"2023-08-02T10:47:49+00:00","dateModified":"2024-05-21T19:00:26+00:00","description":"Politica di restituzione per i nostri piani post-vendita. Scopri cosa fare dopo aver acquistato un piano Poolconcept","breadcrumb":{"@id":"https:\/\/poolconcept.es\/it\/politica-di-restituzione-e-rimborso\/#breadcrumb"},"inLanguage":"it-IT","potentialAction":[{"@type":"ReadAction","target":["https:\/\/poolconcept.es\/it\/politica-di-restituzione-e-rimborso\/"]}]},{"@type":"BreadcrumbList","@id":"https:\/\/poolconcept.es\/it\/politica-di-restituzione-e-rimborso\/#breadcrumb","itemListElement":[{"@type":"ListItem","position":1,"name":"Portada","item":"https:\/\/poolconcept.es\/it\/"},{"@type":"ListItem","position":2,"name":"Politica di restituzione e rimborso"}]},{"@type":"WebSite","@id":"https:\/\/poolconcept.es\/it\/#website","url":"https:\/\/poolconcept.es\/it\/","name":"Poolconcept - Cubiertas transitables para Piscinas","description":"","potentialAction":[{"@type":"SearchAction","target":{"@type":"EntryPoint","urlTemplate":"https:\/\/poolconcept.es\/it\/?s={search_term_string}"},"query-input":{"@type":"PropertyValueSpecification","valueRequired":true,"valueName":"search_term_string"}}],"inLanguage":"it-IT"}]}},"_links":{"self":[{"href":"https:\/\/poolconcept.es\/it\/wp-json\/wp\/v2\/pages\/276868","targetHints":{"allow":["GET"]}}],"collection":[{"href":"https:\/\/poolconcept.es\/it\/wp-json\/wp\/v2\/pages"}],"about":[{"href":"https:\/\/poolconcept.es\/it\/wp-json\/wp\/v2\/types\/page"}],"author":[{"embeddable":true,"href":"https:\/\/poolconcept.es\/it\/wp-json\/wp\/v2\/users\/54"}],"replies":[{"embeddable":true,"href":"https:\/\/poolconcept.es\/it\/wp-json\/wp\/v2\/comments?post=276868"}],"version-history":[{"count":0,"href":"https:\/\/poolconcept.es\/it\/wp-json\/wp\/v2\/pages\/276868\/revisions"}],"wp:attachment":[{"href":"https:\/\/poolconcept.es\/it\/wp-json\/wp\/v2\/media?parent=276868"}],"curies":[{"name":"wp","href":"https:\/\/api.w.org\/{rel}","templated":true}]}}